{"id":11,"date":"2025-06-13T19:48:53","date_gmt":"2025-06-13T19:48:53","guid":{"rendered":"http:\/\/spinbetterpartners.com\/pt\/?page_id=11"},"modified":"2025-07-01T16:13:48","modified_gmt":"2025-07-01T16:13:48","slug":"main","status":"publish","type":"page","link":"https:\/\/spinbetterpartners.com\/pt\/","title":{"rendered":"In\u00edcio"},"content":{"rendered":"","protected":false},"excerpt":{"rendered":"","protected":false},"author":1,"featured_media":0,"parent":0,"menu_order":0,"comment_status":"closed","ping_status":"closed","template":"page-home.php","meta":{"footnotes":""},"class_list":["post-11","page","type-page","status-publish","hentry"],"yoast_head":"<!-- This site is optimized with the Yoast SEO plugin v25.4 - https:\/\/yoast.com\/wordpress\/plugins\/seo\/ -->\n<title>SpinBetter Partners | Programa de Afiliados Oficial<\/title>\n<meta name=\"description\" content=\"Participe do Programa de Afiliados SpinBetter. Ganhe at\u00e9 60% RevShare ou $200 CPA e fa\u00e7a seu neg\u00f3cio crescer com um parceiro confi\u00e1vel.\" \/>\n<meta name=\"robots\" content=\"index, follow, max-snippet:-1, max-image-preview:large, max-video-preview:-1\" \/>\n<link rel=\"canonical\" href=\"https:\/\/spinbetterpartners.com\/pt\/\" \/>\n<meta property=\"og:locale\" content=\"pt_PT\" \/>\n<meta property=\"og:type\" content=\"article\" \/>\n<meta property=\"og:title\" content=\"SpinBetter Partners | Programa de Afiliados Oficial\" \/>\n<meta property=\"og:description\" content=\"Participe do Programa de Afiliados SpinBetter. Ganhe at\u00e9 60% RevShare ou $200 CPA e fa\u00e7a seu neg\u00f3cio crescer com um parceiro confi\u00e1vel.\" \/>\n<meta property=\"og:url\" content=\"https:\/\/spinbetterpartners.com\/pt\/\" \/>\n<meta property=\"og:site_name\" content=\"SpinBetter Partners PT\" \/>\n<meta property=\"article:modified_time\" content=\"2025-07-01T16:13:48+00:00\" \/>\n<meta name=\"twitter:card\" content=\"summary_large_image\" \/>\n<script type=\"application\/ld+json\" class=\"yoast-schema-graph\">{\"@context\":\"https:\/\/schema.org\",\"@graph\":[{\"@type\":\"WebPage\",\"@id\":\"https:\/\/spinbetterpartners.com\/pt\/\",\"url\":\"https:\/\/spinbetterpartners.com\/pt\/\",\"name\":\"SpinBetter Partners | Programa de Afiliados Oficial\",\"isPartOf\":{\"@id\":\"https:\/\/spinbetterpartners.com\/pt\/#website\"},\"datePublished\":\"2025-06-13T19:48:53+00:00\",\"dateModified\":\"2025-07-01T16:13:48+00:00\",\"description\":\"Participe do Programa de Afiliados SpinBetter. Ganhe at\u00e9 60% RevShare ou $200 CPA e fa\u00e7a seu neg\u00f3cio crescer com um parceiro confi\u00e1vel.\",\"breadcrumb\":{\"@id\":\"https:\/\/spinbetterpartners.com\/pt\/#breadcrumb\"},\"inLanguage\":\"pt-PT\",\"potentialAction\":[{\"@type\":\"ReadAction\",\"target\":[\"https:\/\/spinbetterpartners.com\/pt\/\"]}]},{\"@type\":\"BreadcrumbList\",\"@id\":\"https:\/\/spinbetterpartners.com\/pt\/#breadcrumb\",\"itemListElement\":[{\"@type\":\"ListItem\",\"position\":1,\"name\":\"\u0413\u043b\u0430\u0432\u043d\u0430\u044f \u0441\u0442\u0440\u0430\u043d\u0438\u0446\u0430\",\"item\":\"https:\/\/spinbetterpartners.com\/pt\/\"},{\"@type\":\"ListItem\",\"position\":2,\"name\":\"In\u00edcio\"}]},{\"@type\":\"WebSite\",\"@id\":\"https:\/\/spinbetterpartners.com\/pt\/#website\",\"url\":\"https:\/\/spinbetterpartners.com\/pt\/\",\"name\":\"SpinBetter Partners PT\",\"description\":\"\",\"potentialAction\":[{\"@type\":\"SearchAction\",\"target\":{\"@type\":\"EntryPoint\",\"urlTemplate\":\"https:\/\/spinbetterpartners.com\/pt\/?s={search_term_string}\"},\"query-input\":{\"@type\":\"PropertyValueSpecification\",\"valueRequired\":true,\"valueName\":\"search_term_string\"}}],\"inLanguage\":\"pt-PT\"}]}<\/script>\n<!-- \/ Yoast SEO plugin. -->","yoast_head_json":{"title":"SpinBetter Partners | Programa de Afiliados Oficial","description":"Participe do Programa de Afiliados SpinBetter. Ganhe at\u00e9 60% RevShare ou $200 CPA e fa\u00e7a seu neg\u00f3cio crescer com um parceiro confi\u00e1vel.","robots":{"index":"index","follow":"follow","max-snippet":"max-snippet:-1","max-image-preview":"max-image-preview:large","max-video-preview":"max-video-preview:-1"},"canonical":"https:\/\/spinbetterpartners.com\/pt\/","og_locale":"pt_PT","og_type":"article","og_title":"SpinBetter Partners | Programa de Afiliados Oficial","og_description":"Participe do Programa de Afiliados SpinBetter. Ganhe at\u00e9 60% RevShare ou $200 CPA e fa\u00e7a seu neg\u00f3cio crescer com um parceiro confi\u00e1vel.","og_url":"https:\/\/spinbetterpartners.com\/pt\/","og_site_name":"SpinBetter Partners PT","article_modified_time":"2025-07-01T16:13:48+00:00","twitter_card":"summary_large_image","schema":{"@context":"https:\/\/schema.org","@graph":[{"@type":"WebPage","@id":"https:\/\/spinbetterpartners.com\/pt\/","url":"https:\/\/spinbetterpartners.com\/pt\/","name":"SpinBetter Partners | Programa de Afiliados Oficial","isPartOf":{"@id":"https:\/\/spinbetterpartners.com\/pt\/#website"},"datePublished":"2025-06-13T19:48:53+00:00","dateModified":"2025-07-01T16:13:48+00:00","description":"Participe do Programa de Afiliados SpinBetter. Ganhe at\u00e9 60% RevShare ou $200 CPA e fa\u00e7a seu neg\u00f3cio crescer com um parceiro confi\u00e1vel.","breadcrumb":{"@id":"https:\/\/spinbetterpartners.com\/pt\/#breadcrumb"},"inLanguage":"pt-PT","potentialAction":[{"@type":"ReadAction","target":["https:\/\/spinbetterpartners.com\/pt\/"]}]},{"@type":"BreadcrumbList","@id":"https:\/\/spinbetterpartners.com\/pt\/#breadcrumb","itemListElement":[{"@type":"ListItem","position":1,"name":"\u0413\u043b\u0430\u0432\u043d\u0430\u044f \u0441\u0442\u0440\u0430\u043d\u0438\u0446\u0430","item":"https:\/\/spinbetterpartners.com\/pt\/"},{"@type":"ListItem","position":2,"name":"In\u00edcio"}]},{"@type":"WebSite","@id":"https:\/\/spinbetterpartners.com\/pt\/#website","url":"https:\/\/spinbetterpartners.com\/pt\/","name":"SpinBetter Partners PT","description":"","potentialAction":[{"@type":"SearchAction","target":{"@type":"EntryPoint","urlTemplate":"https:\/\/spinbetterpartners.com\/pt\/?s={search_term_string}"},"query-input":{"@type":"PropertyValueSpecification","valueRequired":true,"valueName":"search_term_string"}}],"inLanguage":"pt-PT"}]}},"_links":{"self":[{"href":"https:\/\/spinbetterpartners.com\/pt\/wp-json\/wp\/v2\/pages\/11","targetHints":{"allow":["GET"]}}],"collection":[{"href":"https:\/\/spinbetterpartners.com\/pt\/wp-json\/wp\/v2\/pages"}],"about":[{"href":"https:\/\/spinbetterpartners.com\/pt\/wp-json\/wp\/v2\/types\/page"}],"author":[{"embeddable":true,"href":"https:\/\/spinbetterpartners.com\/pt\/wp-json\/wp\/v2\/users\/1"}],"replies":[{"embeddable":true,"href":"https:\/\/spinbetterpartners.com\/pt\/wp-json\/wp\/v2\/comments?post=11"}],"version-history":[{"count":3,"href":"https:\/\/spinbetterpartners.com\/pt\/wp-json\/wp\/v2\/pages\/11\/revisions"}],"predecessor-version":[{"id":61,"href":"https:\/\/spinbetterpartners.com\/pt\/wp-json\/wp\/v2\/pages\/11\/revisions\/61"}],"wp:attachment":[{"href":"https:\/\/spinbetterpartners.com\/pt\/wp-json\/wp\/v2\/media?parent=11"}],"curies":[{"name":"wp","href":"https:\/\/api.w.org\/{rel}","templated":true}]}}