{"id":13,"date":"2025-06-13T19:49:20","date_gmt":"2025-06-13T19:49:20","guid":{"rendered":"http:\/\/spinbetterpartners.com\/pt\/?page_id=13"},"modified":"2025-07-01T15:57:23","modified_gmt":"2025-07-01T15:57:23","slug":"testimonials","status":"publish","type":"page","link":"https:\/\/spinbetterpartners.com\/pt\/testimonials\/","title":{"rendered":"Avalia\u00e7\u00f5es"},"content":{"rendered":"","protected":false},"excerpt":{"rendered":"","protected":false},"author":1,"featured_media":0,"parent":0,"menu_order":0,"comment_status":"closed","ping_status":"closed","template":"page-reviews.php","meta":{"footnotes":""},"class_list":["post-13","page","type-page","status-publish","hentry"],"yoast_head":"<!-- This site is optimized with the Yoast SEO plugin v25.4 - https:\/\/yoast.com\/wordpress\/plugins\/seo\/ -->\n<title>SpinBetter Partners | Depoimentos dos Nossos Parceiros<\/title>\n<meta name=\"description\" content=\"Leia sobre o Programa de Afiliados da SpinBetter. Veja opini\u00f5es dos parceiros sobre ganhos, condi\u00e7\u00f5es e nosso suporte.\" \/>\n<meta name=\"robots\" content=\"index, follow, max-snippet:-1, max-image-preview:large, max-video-preview:-1\" \/>\n<link rel=\"canonical\" href=\"https:\/\/spinbetterpartners.com\/pt\/testimonials\/\" \/>\n<meta property=\"og:locale\" content=\"pt_PT\" \/>\n<meta property=\"og:type\" content=\"article\" \/>\n<meta property=\"og:title\" content=\"SpinBetter Partners | Depoimentos dos Nossos Parceiros\" \/>\n<meta property=\"og:description\" content=\"Leia sobre o Programa de Afiliados da SpinBetter. Veja opini\u00f5es dos parceiros sobre ganhos, condi\u00e7\u00f5es e nosso suporte.\" \/>\n<meta property=\"og:url\" content=\"https:\/\/spinbetterpartners.com\/pt\/testimonials\/\" \/>\n<meta property=\"og:site_name\" content=\"SpinBetter Partners PT\" \/>\n<meta property=\"article:modified_time\" content=\"2025-07-01T15:57:23+00:00\" \/>\n<meta name=\"twitter:card\" content=\"summary_large_image\" \/>\n<script type=\"application\/ld+json\" class=\"yoast-schema-graph\">{\"@context\":\"https:\/\/schema.org\",\"@graph\":[{\"@type\":\"WebPage\",\"@id\":\"https:\/\/spinbetterpartners.com\/pt\/testimonials\/\",\"url\":\"https:\/\/spinbetterpartners.com\/pt\/testimonials\/\",\"name\":\"SpinBetter Partners | Depoimentos dos Nossos Parceiros\",\"isPartOf\":{\"@id\":\"https:\/\/spinbetterpartners.com\/pt\/#website\"},\"datePublished\":\"2025-06-13T19:49:20+00:00\",\"dateModified\":\"2025-07-01T15:57:23+00:00\",\"description\":\"Leia sobre o Programa de Afiliados da SpinBetter. Veja opini\u00f5es dos parceiros sobre ganhos, condi\u00e7\u00f5es e nosso suporte.\",\"breadcrumb\":{\"@id\":\"https:\/\/spinbetterpartners.com\/pt\/testimonials\/#breadcrumb\"},\"inLanguage\":\"pt-PT\",\"potentialAction\":[{\"@type\":\"ReadAction\",\"target\":[\"https:\/\/spinbetterpartners.com\/pt\/testimonials\/\"]}]},{\"@type\":\"BreadcrumbList\",\"@id\":\"https:\/\/spinbetterpartners.com\/pt\/testimonials\/#breadcrumb\",\"itemListElement\":[{\"@type\":\"ListItem\",\"position\":1,\"name\":\"\u0413\u043b\u0430\u0432\u043d\u0430\u044f \u0441\u0442\u0440\u0430\u043d\u0438\u0446\u0430\",\"item\":\"https:\/\/spinbetterpartners.com\/pt\/\"},{\"@type\":\"ListItem\",\"position\":2,\"name\":\"Avalia\u00e7\u00f5es\"}]},{\"@type\":\"WebSite\",\"@id\":\"https:\/\/spinbetterpartners.com\/pt\/#website\",\"url\":\"https:\/\/spinbetterpartners.com\/pt\/\",\"name\":\"SpinBetter Partners PT\",\"description\":\"\",\"potentialAction\":[{\"@type\":\"SearchAction\",\"target\":{\"@type\":\"EntryPoint\",\"urlTemplate\":\"https:\/\/spinbetterpartners.com\/pt\/?s={search_term_string}\"},\"query-input\":{\"@type\":\"PropertyValueSpecification\",\"valueRequired\":true,\"valueName\":\"search_term_string\"}}],\"inLanguage\":\"pt-PT\"}]}<\/script>\n<!-- \/ Yoast SEO plugin. -->","yoast_head_json":{"title":"SpinBetter Partners | Depoimentos dos Nossos Parceiros","description":"Leia sobre o Programa de Afiliados da SpinBetter. Veja opini\u00f5es dos parceiros sobre ganhos, condi\u00e7\u00f5es e nosso suporte.","robots":{"index":"index","follow":"follow","max-snippet":"max-snippet:-1","max-image-preview":"max-image-preview:large","max-video-preview":"max-video-preview:-1"},"canonical":"https:\/\/spinbetterpartners.com\/pt\/testimonials\/","og_locale":"pt_PT","og_type":"article","og_title":"SpinBetter Partners | Depoimentos dos Nossos Parceiros","og_description":"Leia sobre o Programa de Afiliados da SpinBetter. Veja opini\u00f5es dos parceiros sobre ganhos, condi\u00e7\u00f5es e nosso suporte.","og_url":"https:\/\/spinbetterpartners.com\/pt\/testimonials\/","og_site_name":"SpinBetter Partners PT","article_modified_time":"2025-07-01T15:57:23+00:00","twitter_card":"summary_large_image","schema":{"@context":"https:\/\/schema.org","@graph":[{"@type":"WebPage","@id":"https:\/\/spinbetterpartners.com\/pt\/testimonials\/","url":"https:\/\/spinbetterpartners.com\/pt\/testimonials\/","name":"SpinBetter Partners | Depoimentos dos Nossos Parceiros","isPartOf":{"@id":"https:\/\/spinbetterpartners.com\/pt\/#website"},"datePublished":"2025-06-13T19:49:20+00:00","dateModified":"2025-07-01T15:57:23+00:00","description":"Leia sobre o Programa de Afiliados da SpinBetter. Veja opini\u00f5es dos parceiros sobre ganhos, condi\u00e7\u00f5es e nosso suporte.","breadcrumb":{"@id":"https:\/\/spinbetterpartners.com\/pt\/testimonials\/#breadcrumb"},"inLanguage":"pt-PT","potentialAction":[{"@type":"ReadAction","target":["https:\/\/spinbetterpartners.com\/pt\/testimonials\/"]}]},{"@type":"BreadcrumbList","@id":"https:\/\/spinbetterpartners.com\/pt\/testimonials\/#breadcrumb","itemListElement":[{"@type":"ListItem","position":1,"name":"\u0413\u043b\u0430\u0432\u043d\u0430\u044f \u0441\u0442\u0440\u0430\u043d\u0438\u0446\u0430","item":"https:\/\/spinbetterpartners.com\/pt\/"},{"@type":"ListItem","position":2,"name":"Avalia\u00e7\u00f5es"}]},{"@type":"WebSite","@id":"https:\/\/spinbetterpartners.com\/pt\/#website","url":"https:\/\/spinbetterpartners.com\/pt\/","name":"SpinBetter Partners PT","description":"","potentialAction":[{"@type":"SearchAction","target":{"@type":"EntryPoint","urlTemplate":"https:\/\/spinbetterpartners.com\/pt\/?s={search_term_string}"},"query-input":{"@type":"PropertyValueSpecification","valueRequired":true,"valueName":"search_term_string"}}],"inLanguage":"pt-PT"}]}},"_links":{"self":[{"href":"https:\/\/spinbetterpartners.com\/pt\/wp-json\/wp\/v2\/pages\/13","targetHints":{"allow":["GET"]}}],"collection":[{"href":"https:\/\/spinbetterpartners.com\/pt\/wp-json\/wp\/v2\/pages"}],"about":[{"href":"https:\/\/spinbetterpartners.com\/pt\/wp-json\/wp\/v2\/types\/page"}],"author":[{"embeddable":true,"href":"https:\/\/spinbetterpartners.com\/pt\/wp-json\/wp\/v2\/users\/1"}],"replies":[{"embeddable":true,"href":"https:\/\/spinbetterpartners.com\/pt\/wp-json\/wp\/v2\/comments?post=13"}],"version-history":[{"count":3,"href":"https:\/\/spinbetterpartners.com\/pt\/wp-json\/wp\/v2\/pages\/13\/revisions"}],"predecessor-version":[{"id":52,"href":"https:\/\/spinbetterpartners.com\/pt\/wp-json\/wp\/v2\/pages\/13\/revisions\/52"}],"wp:attachment":[{"href":"https:\/\/spinbetterpartners.com\/pt\/wp-json\/wp\/v2\/media?parent=13"}],"curies":[{"name":"wp","href":"https:\/\/api.w.org\/{rel}","templated":true}]}}